{"id":753,"date":"2023-04-04T18:53:23","date_gmt":"2023-04-04T18:53:23","guid":{"rendered":"http:\/\/terrasigilata.es\/?page_id=753"},"modified":"2023-04-04T19:22:44","modified_gmt":"2023-04-04T19:22:44","slug":"escuchanos","status":"publish","type":"page","link":"http:\/\/terrasigilata.es\/en\/escuchanos","title":{"rendered":"V\u00cdDEOS"},"content":{"rendered":"<div data-elementor-type=\"wp-page\" data-elementor-id=\"753\" class=\"elementor elementor-753\">\n\t\t\t\t\t\t<section class=\"elementor-section elementor-top-section elementor-element elementor-element-61ecc704 elementor-hidden-phone elementor-section-boxed elementor-section-height-default elementor-section-height-default\" data-id=\"61ecc704\" data-element_type=\"section\" data-e-type=\"section\" data-settings=\"{&quot;background_background&quot;:&quot;classic&quot;}\">\n\t\t\t\t\t\t\t<div class=\"elementor-background-overlay\"><\/div>\n\t\t\t\t\t\t\t<div class=\"elementor-container elementor-column-gap-default\">\n\t\t\t\t\t<div class=\"elementor-column elementor-col-50 elementor-top-column elementor-element elementor-element-5ad9c56e\" data-id=\"5ad9c56e\" data-element_type=\"column\" data-e-type=\"column\">\n\t\t\t<div class=\"elementor-widget-wrap\">\n\t\t\t\t\t\t\t<\/div>\n\t\t<\/div>\n\t\t\t\t<div class=\"elementor-column elementor-col-50 elementor-top-column elementor-element elementor-element-54fb6260\" data-id=\"54fb6260\" data-element_type=\"column\" data-e-type=\"column\">\n\t\t\t<div class=\"elementor-widget-wrap elementor-element-populated\">\n\t\t\t\t\t\t<div class=\"elementor-element elementor-element-1ce3b842 elementor-widget elementor-widget-spacer\" data-id=\"1ce3b842\" data-element_type=\"widget\" data-e-type=\"widget\" data-widget_type=\"spacer.default\">\n\t\t\t\t<div class=\"elementor-widget-container\">\n\t\t\t\t\t\t\t<div class=\"elementor-spacer\">\n\t\t\t<div class=\"elementor-spacer-inner\"><\/div>\n\t\t<\/div>\n\t\t\t\t\t\t<\/div>\n\t\t\t\t<\/div>\n\t\t\t\t<div class=\"elementor-element elementor-element-17355e36 elementor-widget elementor-widget-heading\" data-id=\"17355e36\" data-element_type=\"widget\" data-e-type=\"widget\" data-widget_type=\"heading.default\">\n\t\t\t\t<div class=\"elementor-widget-container\">\n\t\t\t\t\t<h2 class=\"elementor-heading-title elementor-size-default\">ESCUCHA NUEVOS<\/h2>\t\t\t\t<\/div>\n\t\t\t\t<\/div>\n\t\t\t\t<div class=\"elementor-element elementor-element-2ca8a2c6 elementor-widget elementor-widget-heading\" data-id=\"2ca8a2c6\" data-element_type=\"widget\" data-e-type=\"widget\" data-widget_type=\"heading.default\">\n\t\t\t\t<div class=\"elementor-widget-container\">\n\t\t\t\t\t<h2 class=\"elementor-heading-title elementor-size-default\">TEMAS FOLK<br>RENOVADOS<\/h2>\t\t\t\t<\/div>\n\t\t\t\t<\/div>\n\t\t\t\t<div class=\"elementor-element elementor-element-5392b305 elementor-widget elementor-widget-text-editor\" data-id=\"5392b305\" data-element_type=\"widget\" data-e-type=\"widget\" data-widget_type=\"text-editor.default\">\n\t\t\t\t<div class=\"elementor-widget-container\">\n\t\t\t\t\t\t\t\t\t<p>Terra Sigilata es un innovador proyecto musical que combina la riqueza de las canciones tradicionales con la frescura y la creatividad de la m\u00fasica neofolk contempor\u00e1nea. Con un sonido \u00fanico y original, este grupo ha logrado cautivar a un p\u00fablico cada vez m\u00e1s amplio y consolidarse como una referencia en la escena musical actual.<\/p><p>La propuesta musical de Terra Sigilata se basa en la exploraci\u00f3n de las ra\u00edces culturales de diferentes regiones de Espa\u00f1a, fusionando los elementos m\u00e1s aut\u00e9nticos de la m\u00fasica tradicional con nuevas armon\u00edas, texturas y arreglos. De esta manera, su m\u00fasica consigue transmitir la esencia de las canciones populares, al mismo tiempo que aporta una perspectiva fresca y contempor\u00e1nea.<\/p><p>Con una trayectoria consolidada en el panorama musical, Terra Sigilata ha colaborado con numerosos artistas y grupos de renombre, como Amalgama Folk o Fusi\u00f3n y Cuenta nueva. Su capacidad para sorprender al p\u00fablico y crear ambientes m\u00e1gicos y envolventes ha sido alabada por cr\u00edticos y expertos de la m\u00fasica.<\/p><p>En definitiva, si est\u00e1s buscando una experiencia musical \u00fanica y emocionante, no puedes perderte la oportunidad de disfrutar de la propuesta de Terra Sigilata. Su m\u00fasica te llevar\u00e1 por un viaje a trav\u00e9s de las ra\u00edces culturales y la creatividad contempor\u00e1nea, creando un puente entre el pasado y el presente y ofreciendo una experiencia \u00fanica e inolvidable.<\/p>\t\t\t\t\t\t\t\t<\/div>\n\t\t\t\t<\/div>\n\t\t\t\t\t<\/div>\n\t\t<\/div>\n\t\t\t\t\t<\/div>\n\t\t<\/section>\n\t\t\t\t<section class=\"elementor-section elementor-top-section elementor-element elementor-element-523e2ee elementor-section-boxed elementor-section-height-default elementor-section-height-default\" data-id=\"523e2ee\" data-element_type=\"section\" data-e-type=\"section\">\n\t\t\t\t\t\t<div class=\"elementor-container elementor-column-gap-default\">\n\t\t\t\t\t<div class=\"elementor-column elementor-col-100 elementor-top-column elementor-element elementor-element-b485d8a\" data-id=\"b485d8a\" data-element_type=\"column\" data-e-type=\"column\">\n\t\t\t<div class=\"elementor-widget-wrap elementor-element-populated\">\n\t\t\t\t\t\t<div class=\"elementor-element elementor-element-69f9182 elementor-widget elementor-widget-video\" data-id=\"69f9182\" data-element_type=\"widget\" data-e-type=\"widget\" data-settings=\"{&quot;youtube_url&quot;:&quot;https:\\\/\\\/www.youtube.com\\\/watch?v=Xg7ttAKPyeY&quot;,&quot;video_type&quot;:&quot;youtube&quot;,&quot;controls&quot;:&quot;yes&quot;}\" data-widget_type=\"video.default\">\n\t\t\t\t<div class=\"elementor-widget-container\">\n\t\t\t\t\t\t\t<div class=\"elementor-wrapper elementor-open-inline\">\n\t\t\t<div class=\"elementor-video\"><\/div>\t\t<\/div>\n\t\t\t\t\t\t<\/div>\n\t\t\t\t<\/div>\n\t\t\t\t\t<\/div>\n\t\t<\/div>\n\t\t\t\t\t<\/div>\n\t\t<\/section>\n\t\t\t\t<section class=\"elementor-section elementor-top-section elementor-element elementor-element-7672f1a elementor-section-boxed elementor-section-height-default elementor-section-height-default\" data-id=\"7672f1a\" data-element_type=\"section\" data-e-type=\"section\">\n\t\t\t\t\t\t<div class=\"elementor-container elementor-column-gap-default\">\n\t\t\t\t\t<div class=\"elementor-column elementor-col-100 elementor-top-column elementor-element elementor-element-2ed6adf\" data-id=\"2ed6adf\" data-element_type=\"column\" data-e-type=\"column\">\n\t\t\t<div class=\"elementor-widget-wrap elementor-element-populated\">\n\t\t\t\t\t\t<div class=\"elementor-element elementor-element-60f0b67 elementor-widget elementor-widget-video\" data-id=\"60f0b67\" data-element_type=\"widget\" data-e-type=\"widget\" data-settings=\"{&quot;youtube_url&quot;:&quot;https:\\\/\\\/www.youtube.com\\\/watch?v=YbU2QzPQMA4&quot;,&quot;video_type&quot;:&quot;youtube&quot;,&quot;controls&quot;:&quot;yes&quot;}\" data-widget_type=\"video.default\">\n\t\t\t\t<div class=\"elementor-widget-container\">\n\t\t\t\t\t\t\t<div class=\"elementor-wrapper elementor-open-inline\">\n\t\t\t<div class=\"elementor-video\"><\/div>\t\t<\/div>\n\t\t\t\t\t\t<\/div>\n\t\t\t\t<\/div>\n\t\t\t\t\t<\/div>\n\t\t<\/div>\n\t\t\t\t\t<\/div>\n\t\t<\/section>\n\t\t\t\t<section class=\"elementor-section elementor-top-section elementor-element elementor-element-55fd360 elementor-section-boxed elementor-section-height-default elementor-section-height-default\" data-id=\"55fd360\" data-element_type=\"section\" data-e-type=\"section\">\n\t\t\t\t\t\t<div class=\"elementor-container elementor-column-gap-default\">\n\t\t\t\t\t<div class=\"elementor-column elementor-col-100 elementor-top-column elementor-element elementor-element-4dff744\" data-id=\"4dff744\" data-element_type=\"column\" data-e-type=\"column\">\n\t\t\t<div class=\"elementor-widget-wrap elementor-element-populated\">\n\t\t\t\t\t\t<div class=\"elementor-element elementor-element-0729c43 elementor-widget elementor-widget-video\" data-id=\"0729c43\" data-element_type=\"widget\" data-e-type=\"widget\" data-settings=\"{&quot;youtube_url&quot;:&quot;https:\\\/\\\/www.youtube.com\\\/watch?v=epAY5YXo8Jk&quot;,&quot;video_type&quot;:&quot;youtube&quot;,&quot;controls&quot;:&quot;yes&quot;}\" data-widget_type=\"video.default\">\n\t\t\t\t<div class=\"elementor-widget-container\">\n\t\t\t\t\t\t\t<div class=\"elementor-wrapper elementor-open-inline\">\n\t\t\t<div class=\"elementor-video\"><\/div>\t\t<\/div>\n\t\t\t\t\t\t<\/div>\n\t\t\t\t<\/div>\n\t\t\t\t\t<\/div>\n\t\t<\/div>\n\t\t\t\t\t<\/div>\n\t\t<\/section>\n\t\t\t\t<section class=\"elementor-section elementor-top-section elementor-element elementor-element-5415ced elementor-section-boxed elementor-section-height-default elementor-section-height-default\" data-id=\"5415ced\" data-element_type=\"section\" data-e-type=\"section\">\n\t\t\t\t\t\t<div class=\"elementor-container elementor-column-gap-default\">\n\t\t\t\t\t<div class=\"elementor-column elementor-col-100 elementor-top-column elementor-element elementor-element-f16cd5f\" data-id=\"f16cd5f\" data-element_type=\"column\" data-e-type=\"column\">\n\t\t\t<div class=\"elementor-widget-wrap elementor-element-populated\">\n\t\t\t\t\t\t<div class=\"elementor-element elementor-element-ae30421 elementor-widget elementor-widget-video\" data-id=\"ae30421\" data-element_type=\"widget\" data-e-type=\"widget\" data-settings=\"{&quot;youtube_url&quot;:&quot;https:\\\/\\\/www.youtube.com\\\/watch?v=x-At44ptQg4&quot;,&quot;video_type&quot;:&quot;youtube&quot;,&quot;controls&quot;:&quot;yes&quot;}\" data-widget_type=\"video.default\">\n\t\t\t\t<div class=\"elementor-widget-container\">\n\t\t\t\t\t\t\t<div class=\"elementor-wrapper elementor-open-inline\">\n\t\t\t<div class=\"elementor-video\"><\/div>\t\t<\/div>\n\t\t\t\t\t\t<\/div>\n\t\t\t\t<\/div>\n\t\t\t\t\t<\/div>\n\t\t<\/div>\n\t\t\t\t\t<\/div>\n\t\t<\/section>\n\t\t\t\t<section class=\"elementor-section elementor-top-section elementor-element elementor-element-ddfaa93 elementor-section-boxed elementor-section-height-default elementor-section-height-default\" data-id=\"ddfaa93\" data-element_type=\"section\" data-e-type=\"section\" data-settings=\"{&quot;background_background&quot;:&quot;gradient&quot;}\">\n\t\t\t\t\t\t<div class=\"elementor-container elementor-column-gap-default\">\n\t\t\t\t\t<div class=\"elementor-column elementor-col-100 elementor-top-column elementor-element elementor-element-a29428a\" data-id=\"a29428a\" data-element_type=\"column\" data-e-type=\"column\">\n\t\t\t<div class=\"elementor-widget-wrap elementor-element-populated\">\n\t\t\t\t\t\t<div class=\"elementor-element elementor-element-d8997e0 elementor-align-center elementor-invisible elementor-widget elementor-widget-button\" data-id=\"d8997e0\" data-element_type=\"widget\" data-e-type=\"widget\" data-settings=\"{&quot;_animation&quot;:&quot;fadeInDown&quot;}\" data-widget_type=\"button.default\">\n\t\t\t\t<div class=\"elementor-widget-container\">\n\t\t\t\t\t\t\t\t\t<div class=\"elementor-button-wrapper\">\n\t\t\t\t\t<a class=\"elementor-button elementor-button-link elementor-size-lg\" href=\"http:\/\/terrasigilata.es\/en\/\">\n\t\t\t\t\t\t<span class=\"elementor-button-content-wrapper\">\n\t\t\t\t\t\t\t\t\t<span class=\"elementor-button-text\">Contacta con nosotros<\/span>\n\t\t\t\t\t<\/span>\n\t\t\t\t\t<\/a>\n\t\t\t\t<\/div>\n\t\t\t\t\t\t\t\t<\/div>\n\t\t\t\t<\/div>\n\t\t\t\t\t<\/div>\n\t\t<\/div>\n\t\t\t\t\t<\/div>\n\t\t<\/section>\n\t\t\t\t<\/div>","protected":false},"excerpt":{"rendered":"<p>ESCUCHA NUEVOS TEMAS FOLKRENOVADOS Terra Sigilata es un innovador proyecto musical que combina la riqueza de las canciones tradicionales con la frescura y la creatividad de la m\u00fasica neofolk contempor\u00e1nea. Con un sonido \u00fanico y original, este grupo ha logrado cautivar a un p\u00fablico cada vez m\u00e1s amplio y consolidarse como una referencia en la [&hellip;]<\/p>","protected":false},"author":1,"featured_media":0,"parent":0,"menu_order":0,"comment_status":"closed","ping_status":"closed","template":"","meta":{"ocean_post_layout":"","ocean_both_sidebars_style":"","ocean_both_sidebars_content_width":0,"ocean_both_sidebars_sidebars_width":0,"ocean_sidebar":"","ocean_second_sidebar":"","ocean_disable_margins":"enable","ocean_add_body_class":"","ocean_shortcode_before_top_bar":"","ocean_shortcode_after_top_bar":"","ocean_shortcode_before_header":"","ocean_shortcode_after_header":"","ocean_has_shortcode":"","ocean_shortcode_after_title":"","ocean_shortcode_before_footer_widgets":"","ocean_shortcode_after_footer_widgets":"","ocean_shortcode_before_footer_bottom":"","ocean_shortcode_after_footer_bottom":"","ocean_display_top_bar":"default","ocean_display_header":"default","ocean_header_style":"","ocean_center_header_left_menu":"","ocean_custom_header_template":"","ocean_custom_logo":0,"ocean_custom_retina_logo":0,"ocean_custom_logo_max_width":0,"ocean_custom_logo_tablet_max_width":0,"ocean_custom_logo_mobile_max_width":0,"ocean_custom_logo_max_height":0,"ocean_custom_logo_tablet_max_height":0,"ocean_custom_logo_mobile_max_height":0,"ocean_header_custom_menu":"","ocean_menu_typo_font_family":"","ocean_menu_typo_font_subset":"","ocean_menu_typo_font_size":0,"ocean_menu_typo_font_size_tablet":0,"ocean_menu_typo_font_size_mobile":0,"ocean_menu_typo_font_size_unit":"px","ocean_menu_typo_font_weight":"","ocean_menu_typo_font_weight_tablet":"","ocean_menu_typo_font_weight_mobile":"","ocean_menu_typo_transform":"","ocean_menu_typo_transform_tablet":"","ocean_menu_typo_transform_mobile":"","ocean_menu_typo_line_height":0,"ocean_menu_typo_line_height_tablet":0,"ocean_menu_typo_line_height_mobile":0,"ocean_menu_typo_line_height_unit":"","ocean_menu_typo_spacing":0,"ocean_menu_typo_spacing_tablet":0,"ocean_menu_typo_spacing_mobile":0,"ocean_menu_typo_spacing_unit":"","ocean_menu_link_color":"","ocean_menu_link_color_hover":"","ocean_menu_link_color_active":"","ocean_menu_link_background":"","ocean_menu_link_hover_background":"","ocean_menu_link_active_background":"","ocean_menu_social_links_bg":"","ocean_menu_social_hover_links_bg":"","ocean_menu_social_links_color":"","ocean_menu_social_hover_links_color":"","ocean_disable_title":"default","ocean_disable_heading":"default","ocean_post_title":"","ocean_post_subheading":"","ocean_post_title_style":"","ocean_post_title_background_color":"","ocean_post_title_background":0,"ocean_post_title_bg_image_position":"","ocean_post_title_bg_image_attachment":"","ocean_post_title_bg_image_repeat":"","ocean_post_title_bg_image_size":"","ocean_post_title_height":0,"ocean_post_title_bg_overlay":0.5,"ocean_post_title_bg_overlay_color":"","ocean_disable_breadcrumbs":"default","ocean_breadcrumbs_color":"","ocean_breadcrumbs_separator_color":"","ocean_breadcrumbs_links_color":"","ocean_breadcrumbs_links_hover_color":"","ocean_display_footer_widgets":"default","ocean_display_footer_bottom":"default","ocean_custom_footer_template":"","footnotes":""},"class_list":["post-753","page","type-page","status-publish","hentry","entry"],"yoast_head":"<!-- This site is optimized with the Yoast SEO plugin v20.4 - https:\/\/yoast.com\/wordpress\/plugins\/seo\/ -->\n<title>V\u00cdDEOS - TERRA SIGILATA - Arqueolog\u00eda de la m\u00fasica tradicional<\/title>\n<meta name=\"robots\" content=\"index, follow, max-snippet:-1, max-image-preview:large, max-video-preview:-1\" \/>\n<link rel=\"canonical\" href=\"http:\/\/terrasigilata.es\/en\/escuchanos\/\" \/>\n<meta property=\"og:locale\" content=\"en_GB\" \/>\n<meta property=\"og:type\" content=\"article\" \/>\n<meta property=\"og:title\" content=\"V\u00cdDEOS - TERRA SIGILATA - Arqueolog\u00eda de la m\u00fasica tradicional\" \/>\n<meta property=\"og:description\" content=\"ESCUCHA NUEVOS TEMAS FOLKRENOVADOS Terra Sigilata es un innovador proyecto musical que combina la riqueza de las canciones tradicionales con la frescura y la creatividad de la m\u00fasica neofolk contempor\u00e1nea. Con un sonido \u00fanico y original, este grupo ha logrado cautivar a un p\u00fablico cada vez m\u00e1s amplio y consolidarse como una referencia en la [&hellip;]\" \/>\n<meta property=\"og:url\" content=\"http:\/\/terrasigilata.es\/en\/escuchanos\/\" \/>\n<meta property=\"og:site_name\" content=\"TERRA SIGILATA - Arqueolog\u00eda de la m\u00fasica tradicional\" \/>\n<meta property=\"article:modified_time\" content=\"2023-04-04T19:22:44+00:00\" \/>\n<meta name=\"twitter:card\" content=\"summary_large_image\" \/>\n<meta name=\"twitter:label1\" content=\"Estimated reading time\" \/>\n\t<meta name=\"twitter:data1\" content=\"1 minute\" \/>\n<script type=\"application\/ld+json\" class=\"yoast-schema-graph\">{\"@context\":\"https:\/\/schema.org\",\"@graph\":[{\"@type\":\"WebPage\",\"@id\":\"http:\/\/terrasigilata.es\/escuchanos\",\"url\":\"http:\/\/terrasigilata.es\/escuchanos\",\"name\":\"V\u00cdDEOS - TERRA SIGILATA - Arqueolog\u00eda de la m\u00fasica tradicional\",\"isPartOf\":{\"@id\":\"http:\/\/terrasigilata.es\/#website\"},\"datePublished\":\"2023-04-04T18:53:23+00:00\",\"dateModified\":\"2023-04-04T19:22:44+00:00\",\"breadcrumb\":{\"@id\":\"http:\/\/terrasigilata.es\/escuchanos#breadcrumb\"},\"inLanguage\":\"en-GB\",\"potentialAction\":[{\"@type\":\"ReadAction\",\"target\":[\"http:\/\/terrasigilata.es\/escuchanos\"]}]},{\"@type\":\"BreadcrumbList\",\"@id\":\"http:\/\/terrasigilata.es\/escuchanos#breadcrumb\",\"itemListElement\":[{\"@type\":\"ListItem\",\"position\":1,\"name\":\"Portada\",\"item\":\"http:\/\/terrasigilata.es\/\"},{\"@type\":\"ListItem\",\"position\":2,\"name\":\"V\u00cdDEOS\"}]},{\"@type\":\"WebSite\",\"@id\":\"http:\/\/terrasigilata.es\/#website\",\"url\":\"http:\/\/terrasigilata.es\/\",\"name\":\"TERRA SIGILATA - Arqueolog\u00eda de la m\u00fasica tradicional\",\"description\":\"Grupo de m\u00fasica folk renovado\",\"publisher\":{\"@id\":\"http:\/\/terrasigilata.es\/#organization\"},\"potentialAction\":[{\"@type\":\"SearchAction\",\"target\":{\"@type\":\"EntryPoint\",\"urlTemplate\":\"http:\/\/terrasigilata.es\/?s={search_term_string}\"},\"query-input\":\"required name=search_term_string\"}],\"inLanguage\":\"en-GB\"},{\"@type\":\"Organization\",\"@id\":\"http:\/\/terrasigilata.es\/#organization\",\"name\":\"TERRA SIGILATA\",\"url\":\"http:\/\/terrasigilata.es\/\",\"logo\":{\"@type\":\"ImageObject\",\"inLanguage\":\"en-GB\",\"@id\":\"http:\/\/terrasigilata.es\/#\/schema\/logo\/image\/\",\"url\":\"http:\/\/terrasigilata.es\/wp-content\/uploads\/2023\/04\/cropped-GRUPO-DE-MUSICA-FOLK-RENOVADA-white.png\",\"contentUrl\":\"http:\/\/terrasigilata.es\/wp-content\/uploads\/2023\/04\/cropped-GRUPO-DE-MUSICA-FOLK-RENOVADA-white.png\",\"width\":1491,\"height\":177,\"caption\":\"TERRA SIGILATA\"},\"image\":{\"@id\":\"http:\/\/terrasigilata.es\/#\/schema\/logo\/image\/\"},\"sameAs\":[\"https:\/\/www.instagram.com\/terra.sigilata\"]}]}<\/script>\n<!-- \/ Yoast SEO plugin. -->","yoast_head_json":{"title":"V\u00cdDEOS - TERRA SIGILATA - Arqueolog\u00eda de la m\u00fasica tradicional","robots":{"index":"index","follow":"follow","max-snippet":"max-snippet:-1","max-image-preview":"max-image-preview:large","max-video-preview":"max-video-preview:-1"},"canonical":"http:\/\/terrasigilata.es\/en\/escuchanos\/","og_locale":"en_GB","og_type":"article","og_title":"V\u00cdDEOS - TERRA SIGILATA - Arqueolog\u00eda de la m\u00fasica tradicional","og_description":"ESCUCHA NUEVOS TEMAS FOLKRENOVADOS Terra Sigilata es un innovador proyecto musical que combina la riqueza de las canciones tradicionales con la frescura y la creatividad de la m\u00fasica neofolk contempor\u00e1nea. Con un sonido \u00fanico y original, este grupo ha logrado cautivar a un p\u00fablico cada vez m\u00e1s amplio y consolidarse como una referencia en la [&hellip;]","og_url":"http:\/\/terrasigilata.es\/en\/escuchanos\/","og_site_name":"TERRA SIGILATA - Arqueolog\u00eda de la m\u00fasica tradicional","article_modified_time":"2023-04-04T19:22:44+00:00","twitter_card":"summary_large_image","twitter_misc":{"Estimated reading time":"1 minute"},"schema":{"@context":"https:\/\/schema.org","@graph":[{"@type":"WebPage","@id":"http:\/\/terrasigilata.es\/escuchanos","url":"http:\/\/terrasigilata.es\/escuchanos","name":"V\u00cdDEOS - TERRA SIGILATA - Arqueolog\u00eda de la m\u00fasica tradicional","isPartOf":{"@id":"http:\/\/terrasigilata.es\/#website"},"datePublished":"2023-04-04T18:53:23+00:00","dateModified":"2023-04-04T19:22:44+00:00","breadcrumb":{"@id":"http:\/\/terrasigilata.es\/escuchanos#breadcrumb"},"inLanguage":"en-GB","potentialAction":[{"@type":"ReadAction","target":["http:\/\/terrasigilata.es\/escuchanos"]}]},{"@type":"BreadcrumbList","@id":"http:\/\/terrasigilata.es\/escuchanos#breadcrumb","itemListElement":[{"@type":"ListItem","position":1,"name":"Portada","item":"http:\/\/terrasigilata.es\/"},{"@type":"ListItem","position":2,"name":"V\u00cdDEOS"}]},{"@type":"WebSite","@id":"http:\/\/terrasigilata.es\/#website","url":"http:\/\/terrasigilata.es\/","name":"TERRA SIGILATA - Arqueolog\u00eda de la m\u00fasica tradicional","description":"Grupo de m\u00fasica folk renovado","publisher":{"@id":"http:\/\/terrasigilata.es\/#organization"},"potentialAction":[{"@type":"SearchAction","target":{"@type":"EntryPoint","urlTemplate":"http:\/\/terrasigilata.es\/?s={search_term_string}"},"query-input":"required name=search_term_string"}],"inLanguage":"en-GB"},{"@type":"Organization","@id":"http:\/\/terrasigilata.es\/#organization","name":"TERRA SIGILATA","url":"http:\/\/terrasigilata.es\/","logo":{"@type":"ImageObject","inLanguage":"en-GB","@id":"http:\/\/terrasigilata.es\/#\/schema\/logo\/image\/","url":"http:\/\/terrasigilata.es\/wp-content\/uploads\/2023\/04\/cropped-GRUPO-DE-MUSICA-FOLK-RENOVADA-white.png","contentUrl":"http:\/\/terrasigilata.es\/wp-content\/uploads\/2023\/04\/cropped-GRUPO-DE-MUSICA-FOLK-RENOVADA-white.png","width":1491,"height":177,"caption":"TERRA SIGILATA"},"image":{"@id":"http:\/\/terrasigilata.es\/#\/schema\/logo\/image\/"},"sameAs":["https:\/\/www.instagram.com\/terra.sigilata"]}]}},"amp_enabled":true,"_links":{"self":[{"href":"http:\/\/terrasigilata.es\/en\/wp-json\/wp\/v2\/pages\/753","targetHints":{"allow":["GET"]}}],"collection":[{"href":"http:\/\/terrasigilata.es\/en\/wp-json\/wp\/v2\/pages"}],"about":[{"href":"http:\/\/terrasigilata.es\/en\/wp-json\/wp\/v2\/types\/page"}],"author":[{"embeddable":true,"href":"http:\/\/terrasigilata.es\/en\/wp-json\/wp\/v2\/users\/1"}],"replies":[{"embeddable":true,"href":"http:\/\/terrasigilata.es\/en\/wp-json\/wp\/v2\/comments?post=753"}],"version-history":[{"count":22,"href":"http:\/\/terrasigilata.es\/en\/wp-json\/wp\/v2\/pages\/753\/revisions"}],"predecessor-version":[{"id":783,"href":"http:\/\/terrasigilata.es\/en\/wp-json\/wp\/v2\/pages\/753\/revisions\/783"}],"wp:attachment":[{"href":"http:\/\/terrasigilata.es\/en\/wp-json\/wp\/v2\/media?parent=753"}],"curies":[{"name":"wp","href":"https:\/\/api.w.org\/{rel}","templated":true}]}}